{"id":193,"date":"2023-10-29T04:50:37","date_gmt":"2023-10-29T04:50:37","guid":{"rendered":"https:\/\/fucanglong.asia\/?page_id=193"},"modified":"2023-10-29T08:27:48","modified_gmt":"2023-10-29T08:27:48","slug":"uber","status":"publish","type":"page","link":"https:\/\/fucanglong.asia\/?page_id=193&lang=de","title":{"rendered":"Uber"},"content":{"rendered":"\n<p>Wir sind ein Boutique-Single Family Office (SFO) und Fucanglong ist unsere Single Family Office (SFO) Private Verm\u00f6gensverwaltung-L\u00f6sung, die wir im Laufe der Jahre entwickelt und eingesetzt haben. Warum unsere eigene L\u00f6sung? Wie sagt mann &#8230; Um es einfach auszudr\u00fccken: &#8220;Wir wollten die volle Kontrolle und keine neugierigen Blicke&#8221; und wir bevorzugen keine Abh\u00e4ngigkeiten von (privaten) Verm\u00f6gensinstituten wie (privaten) Banken oder Multi Family Offices (MFOs), die (zu eng) mit einem der oben genannten Instituten verbunden sind.<\/p>\n\n\n\n<h2 class=\"wp-block-heading\">Gesundes Misstrauen<\/h2>\n\n\n\n<p>Wir haben ein gesundes Misstrauen, denn ihr Lebensziel ist es, mit Sie und Uns Geld zu verdienen, Denn sind nicht hier, um dich reich zu machen, wie wir es in den letzten 20 Jahren m\u00fchsam erfahren haben. Und wissen Sie was? Es wird nicht besser oder sogar schlechter, wenn man dir links, rechts und in der Mitte f\u00fcr alles und jedes berechnet.<\/p>\n\n\n\n<h2 class=\"wp-block-heading\">Wachsen Sie von SFO zu MFO<\/h2>\n\n\n\n<p>Wir sind mehr oder weniger zu einem Mini-Multi Family Office (MFO) geworden, aber wir glauben, dass viele SFOs mit einigen gro\u00dfen Familien und lieben\/engen Freunden in die gleiche Richtung gehen. Warum also nicht eine L\u00f6sung haben, die einfach mit Ihnen wachsen kann, von SFO zu MFO, mit &#8220;Chinesischen Mauern&#8221; dazwischen, um die Daten der anderen privat und sicher zu halten?<\/p>\n\n\n\n<h2 class=\"wp-block-heading\">K\u00fcnstliche Intelligenz in ihrer DNA<\/h2>\n\n\n\n<p>Da wir uns nicht im Bereich der Ultra High Net Worth Individual befinden, in dem Geld keine Rolle spielt und man alles kaufen kann, was man will, haben wir ein geniales Rundfunk-Netzwerk erfunden und nutzen es, das Fucanglong Drache H\u00f6hle Netzwerk. Durch anonyme \u00dcbertragungen von Fucanglong tauschen AI Centrals und die verschiedenen Drache H\u00f6hlen autonome Informationen<sup data-fn=\"5ebcb160-7191-4b88-9cd3-2903f35ea32d\" class=\"fn\"><a href=\"#5ebcb160-7191-4b88-9cd3-2903f35ea32d\" id=\"5ebcb160-7191-4b88-9cd3-2903f35ea32d-link\">1<\/a><\/sup> aus, ohne dass ein SFO oder MFO etwas tun muss oder dies beeinflussen (manipulieren) kann. Mit einem soliden Hintergrund in k\u00fcnstlicher Intelligenz ist dies unser erster Schritt zur Einf\u00fchrung einer KI-Technik f\u00fcr den intelligenten Informationsaustausch und ein Schritt in Richtung weiterer KI-L\u00f6sungen in der Zukunft.<\/p>\n\n\n\n<h2 class=\"wp-block-heading\">Sch\u00fctzen Sie Ihr Verm\u00f6gen!<\/h2>\n\n\n\n<h2 class=\"wp-block-heading\">Was auch immer dein Grund war, uns zu besuchen, beh\u00fcte deinen Reichtum als Fucanglong-Drache! <br>Mit freundlichen Gr\u00fc\u00dfen, Fucanglong Verm\u00f6gensverwaltung Gruppe.<\/h2>\n\n\n\n<div class=\"wp-block-buttons is-layout-flex wp-block-buttons-is-layout-flex\">\n<div class=\"wp-block-button\"><a class=\"wp-block-button__link wp-element-button\" href=\"https:\/\/fucanglong.asia\/?page_id=214&amp;lang=de\">Start Seite<\/a><\/div>\n\n\n\n<div class=\"wp-block-button\"><a class=\"wp-block-button__link wp-element-button\" href=\"mailto:info@fucanlong.asia\/?page_id=214&amp;lang=de\">Email Uns<\/a><\/div>\n<\/div>\n\n\n<ol class=\"wp-block-footnotes\"><li id=\"5ebcb160-7191-4b88-9cd3-2903f35ea32d\"><em>Es werden niemals Informationen in Privatbesitz oder getippt, oder Informationen, die auf eine wohlhabende Person\/SFO\/MFO zur\u00fcckgef\u00fchrt werden k\u00f6nnen, oder andere sensible Informationen gesendet. Auch zuf\u00e4llige Zeitverz\u00f6gerungen, manchmal von Tagen oder sogar Wochen, machen es praktisch unm\u00f6glich, die Zeit als Tracer zu verwenden, um zu lokalisieren, woher dies stammen k\u00f6nnte. Alle werden an die Fucanglong-KI-Zentralen geschickt, ja, jeder Kontinent hat mindestens einen oder mehrere, die auf G\u00fcltigkeit, Sicherheit, Anwendbarkeit usw. gepr\u00fcft werden m\u00fcssen. Und wenn es auch nur den geringsten Zweifel gibt, werden die zentralen KIs diese Nachricht f\u00fcr immer l\u00f6schen, nachdem sie ihre urspr\u00fcngliche Quelle, den Drachenunterschlupf, gesichert haben, und alle ihre Sendungen an die erste zentrale KI umleiten und\/oder sie abschalten, wenn sie glaubt, dass sie kompromittiert ist.<\/em> <a href=\"#5ebcb160-7191-4b88-9cd3-2903f35ea32d-link\" aria-label=\"Jump to footnote reference 1\">\u21a9\ufe0e<\/a><\/li><\/ol>","protected":false},"excerpt":{"rendered":"<p>Wir sind ein Boutique-Single Family Office (SFO) und Fucanglong ist unsere Single Family Office (SFO) Private Verm\u00f6gensverwaltung-L\u00f6sung, die wir im Laufe der Jahre entwickelt und eingesetzt haben. Warum unsere eigene L\u00f6sung? Wie sagt mann &#8230; Um es einfach auszudr\u00fccken: &#8220;Wir wollten die volle Kontrolle und keine neugierigen Blicke&#8221; und wir bevorzugen keine Abh\u00e4ngigkeiten von (privaten) [&hellip;]<\/p>\n","protected":false},"author":1,"featured_media":0,"parent":0,"menu_order":0,"comment_status":"closed","ping_status":"closed","template":"","meta":{"footnotes":"[{\"content\":\"<em>Es werden niemals Informationen in Privatbesitz oder getippt, oder Informationen, die auf eine wohlhabende Person\/SFO\/MFO zur\u00fcckgef\u00fchrt werden k\u00f6nnen, oder andere sensible Informationen gesendet. Auch zuf\u00e4llige Zeitverz\u00f6gerungen, manchmal von Tagen oder sogar Wochen, machen es praktisch unm\u00f6glich, die Zeit als Tracer zu verwenden, um zu lokalisieren, woher dies stammen k\u00f6nnte. Alle werden an die Fucanglong-KI-Zentralen geschickt, ja, jeder Kontinent hat mindestens einen oder mehrere, die auf G\u00fcltigkeit, Sicherheit, Anwendbarkeit usw. gepr\u00fcft werden m\u00fcssen. Und wenn es auch nur den geringsten Zweifel gibt, werden die zentralen KIs diese Nachricht f\u00fcr immer l\u00f6schen, nachdem sie ihre urspr\u00fcngliche Quelle, den Drachenunterschlupf, gesichert haben, und alle ihre Sendungen an die erste zentrale KI umleiten und\/oder sie abschalten, wenn sie glaubt, dass sie kompromittiert ist.<\/em>\",\"id\":\"5ebcb160-7191-4b88-9cd3-2903f35ea32d\"}]"},"yoast_head":"<!-- This site is optimized with the Yoast SEO plugin v24.5 - https:\/\/yoast.com\/wordpress\/plugins\/seo\/ -->\n<title>Uber - Fucanglong Verm\u00f6gensverwaltung<\/title>\n<meta name=\"description\" content=\"Boutique Single Family Office building its own Wealth Management Solution called Fucanglong. Fucanglong means Hidden Treasure Dragon and that is exactly what we want, a private and secure solution without any prying eyes. With some AI help guard your wealth as a hidden treasure!\" \/>\n<meta name=\"robots\" content=\"index, follow, max-snippet:-1, max-image-preview:large, max-video-preview:-1\" \/>\n<link rel=\"canonical\" href=\"https:\/\/fucanglong.asia\/?page_id=193&lang=de\" \/>\n<meta property=\"og:locale\" content=\"en_US\" \/>\n<meta property=\"og:type\" content=\"article\" \/>\n<meta property=\"og:title\" content=\"Uber - Fucanglong Verm\u00f6gensverwaltung\" \/>\n<meta property=\"og:description\" content=\"Boutique Single Family Office building its own Wealth Management Solution called Fucanglong. Fucanglong means Hidden Treasure Dragon and that is exactly what we want, a private and secure solution without any prying eyes. With some AI help guard your wealth as a hidden treasure!\" \/>\n<meta property=\"og:url\" content=\"https:\/\/fucanglong.asia\/?page_id=193&amp;lang=de\" \/>\n<meta property=\"og:site_name\" content=\"Fucanglong Verm\u00f6gensverwaltung\" \/>\n<meta property=\"article:modified_time\" content=\"2023-10-29T08:27:48+00:00\" \/>\n<meta name=\"twitter:card\" content=\"summary_large_image\" \/>\n<meta name=\"twitter:label1\" content=\"Est. reading time\" \/>\n\t<meta name=\"twitter:data1\" content=\"2 minutes\" \/>\n<script type=\"application\/ld+json\" class=\"yoast-schema-graph\">{\"@context\":\"https:\/\/schema.org\",\"@graph\":[{\"@type\":\"WebPage\",\"@id\":\"https:\/\/fucanglong.asia\/?page_id=193&lang=de\",\"url\":\"https:\/\/fucanglong.asia\/?page_id=193&lang=de\",\"name\":\"Uber - Fucanglong Verm\u00f6gensverwaltung\",\"isPartOf\":{\"@id\":\"https:\/\/fucanglong.asia\/#website\"},\"datePublished\":\"2023-10-29T04:50:37+00:00\",\"dateModified\":\"2023-10-29T08:27:48+00:00\",\"description\":\"Boutique Single Family Office building its own Wealth Management Solution called Fucanglong. Fucanglong means Hidden Treasure Dragon and that is exactly what we want, a private and secure solution without any prying eyes. With some AI help guard your wealth as a hidden treasure!\",\"breadcrumb\":{\"@id\":\"https:\/\/fucanglong.asia\/?page_id=193&lang=de#breadcrumb\"},\"inLanguage\":\"en-US\",\"potentialAction\":[{\"@type\":\"ReadAction\",\"target\":[\"https:\/\/fucanglong.asia\/?page_id=193&lang=de\"]}]},{\"@type\":\"BreadcrumbList\",\"@id\":\"https:\/\/fucanglong.asia\/?page_id=193&lang=de#breadcrumb\",\"itemListElement\":[{\"@type\":\"ListItem\",\"position\":1,\"name\":\"Home\",\"item\":\"https:\/\/fucanglong.asia\/\"},{\"@type\":\"ListItem\",\"position\":2,\"name\":\"Uber\"}]},{\"@type\":\"WebSite\",\"@id\":\"https:\/\/fucanglong.asia\/#website\",\"url\":\"https:\/\/fucanglong.asia\/\",\"name\":\"Fucanglong Verm\u00f6gensverwaltung\",\"description\":\"Verm\u00f6gensverwaltungsl\u00f6sung\",\"publisher\":{\"@id\":\"https:\/\/fucanglong.asia\/#organization\"},\"potentialAction\":[{\"@type\":\"SearchAction\",\"target\":{\"@type\":\"EntryPoint\",\"urlTemplate\":\"https:\/\/fucanglong.asia\/?s={search_term_string}\"},\"query-input\":{\"@type\":\"PropertyValueSpecification\",\"valueRequired\":true,\"valueName\":\"search_term_string\"}}],\"inLanguage\":\"en-US\"},{\"@type\":\"Organization\",\"@id\":\"https:\/\/fucanglong.asia\/#organization\",\"name\":\"Fucanglong Verm\u00f6gensverwaltung\",\"url\":\"https:\/\/fucanglong.asia\/\",\"logo\":{\"@type\":\"ImageObject\",\"inLanguage\":\"en-US\",\"@id\":\"https:\/\/fucanglong.asia\/#\/schema\/logo\/image\/\",\"url\":\"https:\/\/fucanglong.asia\/wp-content\/uploads\/2023\/10\/cropped-Fucanglong-wg.png\",\"contentUrl\":\"https:\/\/fucanglong.asia\/wp-content\/uploads\/2023\/10\/cropped-Fucanglong-wg.png\",\"width\":414,\"height\":414,\"caption\":\"Fucanglong Verm\u00f6gensverwaltung\"},\"image\":{\"@id\":\"https:\/\/fucanglong.asia\/#\/schema\/logo\/image\/\"}}]}<\/script>\n<!-- \/ Yoast SEO plugin. -->","yoast_head_json":{"title":"Uber - Fucanglong Verm\u00f6gensverwaltung","description":"Boutique Single Family Office building its own Wealth Management Solution called Fucanglong. Fucanglong means Hidden Treasure Dragon and that is exactly what we want, a private and secure solution without any prying eyes. With some AI help guard your wealth as a hidden treasure!","robots":{"index":"index","follow":"follow","max-snippet":"max-snippet:-1","max-image-preview":"max-image-preview:large","max-video-preview":"max-video-preview:-1"},"canonical":"https:\/\/fucanglong.asia\/?page_id=193&lang=de","og_locale":"en_US","og_type":"article","og_title":"Uber - Fucanglong Verm\u00f6gensverwaltung","og_description":"Boutique Single Family Office building its own Wealth Management Solution called Fucanglong. Fucanglong means Hidden Treasure Dragon and that is exactly what we want, a private and secure solution without any prying eyes. With some AI help guard your wealth as a hidden treasure!","og_url":"https:\/\/fucanglong.asia\/?page_id=193&lang=de","og_site_name":"Fucanglong Verm\u00f6gensverwaltung","article_modified_time":"2023-10-29T08:27:48+00:00","twitter_card":"summary_large_image","twitter_misc":{"Est. reading time":"2 minutes"},"schema":{"@context":"https:\/\/schema.org","@graph":[{"@type":"WebPage","@id":"https:\/\/fucanglong.asia\/?page_id=193&lang=de","url":"https:\/\/fucanglong.asia\/?page_id=193&lang=de","name":"Uber - Fucanglong Verm\u00f6gensverwaltung","isPartOf":{"@id":"https:\/\/fucanglong.asia\/#website"},"datePublished":"2023-10-29T04:50:37+00:00","dateModified":"2023-10-29T08:27:48+00:00","description":"Boutique Single Family Office building its own Wealth Management Solution called Fucanglong. Fucanglong means Hidden Treasure Dragon and that is exactly what we want, a private and secure solution without any prying eyes. With some AI help guard your wealth as a hidden treasure!","breadcrumb":{"@id":"https:\/\/fucanglong.asia\/?page_id=193&lang=de#breadcrumb"},"inLanguage":"en-US","potentialAction":[{"@type":"ReadAction","target":["https:\/\/fucanglong.asia\/?page_id=193&lang=de"]}]},{"@type":"BreadcrumbList","@id":"https:\/\/fucanglong.asia\/?page_id=193&lang=de#breadcrumb","itemListElement":[{"@type":"ListItem","position":1,"name":"Home","item":"https:\/\/fucanglong.asia\/"},{"@type":"ListItem","position":2,"name":"Uber"}]},{"@type":"WebSite","@id":"https:\/\/fucanglong.asia\/#website","url":"https:\/\/fucanglong.asia\/","name":"Fucanglong Verm\u00f6gensverwaltung","description":"Verm\u00f6gensverwaltungsl\u00f6sung","publisher":{"@id":"https:\/\/fucanglong.asia\/#organization"},"potentialAction":[{"@type":"SearchAction","target":{"@type":"EntryPoint","urlTemplate":"https:\/\/fucanglong.asia\/?s={search_term_string}"},"query-input":{"@type":"PropertyValueSpecification","valueRequired":true,"valueName":"search_term_string"}}],"inLanguage":"en-US"},{"@type":"Organization","@id":"https:\/\/fucanglong.asia\/#organization","name":"Fucanglong Verm\u00f6gensverwaltung","url":"https:\/\/fucanglong.asia\/","logo":{"@type":"ImageObject","inLanguage":"en-US","@id":"https:\/\/fucanglong.asia\/#\/schema\/logo\/image\/","url":"https:\/\/fucanglong.asia\/wp-content\/uploads\/2023\/10\/cropped-Fucanglong-wg.png","contentUrl":"https:\/\/fucanglong.asia\/wp-content\/uploads\/2023\/10\/cropped-Fucanglong-wg.png","width":414,"height":414,"caption":"Fucanglong Verm\u00f6gensverwaltung"},"image":{"@id":"https:\/\/fucanglong.asia\/#\/schema\/logo\/image\/"}}]}},"_links":{"self":[{"href":"https:\/\/fucanglong.asia\/index.php?rest_route=\/wp\/v2\/pages\/193"}],"collection":[{"href":"https:\/\/fucanglong.asia\/index.php?rest_route=\/wp\/v2\/pages"}],"about":[{"href":"https:\/\/fucanglong.asia\/index.php?rest_route=\/wp\/v2\/types\/page"}],"author":[{"embeddable":true,"href":"https:\/\/fucanglong.asia\/index.php?rest_route=\/wp\/v2\/users\/1"}],"replies":[{"embeddable":true,"href":"https:\/\/fucanglong.asia\/index.php?rest_route=%2Fwp%2Fv2%2Fcomments&post=193"}],"version-history":[{"count":6,"href":"https:\/\/fucanglong.asia\/index.php?rest_route=\/wp\/v2\/pages\/193\/revisions"}],"predecessor-version":[{"id":265,"href":"https:\/\/fucanglong.asia\/index.php?rest_route=\/wp\/v2\/pages\/193\/revisions\/265"}],"wp:attachment":[{"href":"https:\/\/fucanglong.asia\/index.php?rest_route=%2Fwp%2Fv2%2Fmedia&parent=193"}],"curies":[{"name":"wp","href":"https:\/\/api.w.org\/{rel}","templated":true}]}}