{"id":214,"date":"2023-10-29T05:42:53","date_gmt":"2023-10-29T05:42:53","guid":{"rendered":"https:\/\/fucanglong.asia\/?page_id=214"},"modified":"2023-11-13T06:09:04","modified_gmt":"2023-11-13T06:09:04","slug":"start-seite","status":"publish","type":"page","link":"https:\/\/fucanglong.asia\/?page_id=214&lang=de","title":{"rendered":"Start Seite"},"content":{"rendered":"\n<h2 class=\"wp-block-heading\">Fucanglong \u4f0f\u85cf\u9f99: Versteckter Schatz-Drache<\/h2>\n\n\n\n<figure class=\"wp-block-image size-full\"><img loading=\"lazy\" decoding=\"async\" width=\"500\" height=\"590\" src=\"https:\/\/fucanglong.asia\/wp-content\/uploads\/2023\/10\/dragon-83-1.gif\" alt=\"\" class=\"wp-image-232\"\/><\/figure>\n\n\n\n<p>Fucanglong \u4f0f\u85cf\u9f99 bedeutet ein chinesischer uralter Drache, von dem gemunkelt wird, dass er den gr\u00f6\u00dften verborgenen Schatz der Welt bewacht. Es ist an der Zeit, dass du diesen Drachen erweckst und anf\u00e4ngst, deinen Reichtum als verborgenen Schatz von dir zu h\u00fcten!<\/p>\n\n\n\n<h2 class=\"wp-block-heading\">Fucanglong Verborgener Drache Reichtumsw\u00e4chter<\/h2>\n\n\n\n<p>Sch\u00fctzen Sie Ihr Verm\u00f6gen 24\/7 das ganze Jahr \u00fcber. Verwalten Sie Ihr Verm\u00f6gen auf Ihre Weise und in absoluter Privatsph\u00e4re. Verbringen Sie Ihre Zeit mit der Verwaltung Ihres Verm\u00f6gens und Ihrer Nachfolge, nicht mit Systemen und IT. Erfahren Sie die Wahrheit \u00fcber die Leistung, vergleichen Sie Angebote mit der gleichen Methodik, damit sie wirklich vergleichbar werden. Schauen Sie zur\u00fcck und schauen Sie nach vorne, lernen Sie aus Ihren eigenen Entscheidungen, denn als akkreditierte Anleger \u00fcbernehmen Sie sowieso die volle Verantwortung f\u00fcr jeden Handel oder jede Handlung. Selbst nicht akkreditierte Anleger sind immer noch gezwungen, die volle Verantwortung zu \u00fcbernehmen.<\/p>\n\n\n\n<h2 class=\"wp-block-heading\">Zeit, die volle Kontrolle (zur\u00fcck) zu \u00fcbernehmen <\/h2>\n\n\n\n<p>Als Team von Fucanglong Verm\u00f6gensverwaltung glauben wir, dass es h\u00f6chste Zeit ist, so viel Kontrolle wie m\u00f6glich zur\u00fcckzugewinnen. Transparenz, Sicher und Methodisch sind die drei Schlagworte, die wir jeden Tag bei allem, was wir tun, verwenden. Es ist auch (hoher) Zeit, die bestehenden Finanzinstitute herauszufordern. Vor allem solche mit &#8220;Verwaltetes Verm\u00f6gen&#8221;-Geb\u00fchren. In der heutigen Zeit der Automatisierung, des KI-Supports und der Virtual Private Server (VPS) zu sehr g\u00fcnstigen Preisen ist der Festpreis f\u00fcr die von Ihnen genutzte Funktionalit\u00e4t Ihr erster &#8220;Gewinn&#8221;, indem Sie ihn nicht unn\u00f6tig f\u00fcr Kosten verschwenden.<\/p>\n\n\n\n<h2 class=\"wp-block-heading\">Bleiben Sie auf dem Laufenden<\/h2>\n\n\n\n<p>Wir planen, unsere Fucanglong Verm\u00f6gensverwaltung-L\u00f6sung f\u00fcr ausgew\u00e4hlte verm\u00f6gende Privatpersonen und SFOs freizugeben. Wenn Sie mehr wissen oder auf dem Laufenden bleiben m\u00f6chten, verwenden Sie bitte die Schaltfl\u00e4che &#8220;E-Mail an uns&#8221; unten. Wir werden Sie niemals spammen oder Ihre E-Mail-Adresse an Dritte weitergeben, genau so, wie wir behandelt werden wollten, absolut privat!<\/p>\n\n\n\n<h4 class=\"wp-block-heading\">Fucanglong Verm\u00f6gensverwaltung Sch\u00f6pfer von Fucanglong Verm\u00f6gensw\u00e4chter  mit der gr\u00f6\u00dftm\u00f6glichen Sicherheit, Privatsph\u00e4re und Transparenz, die Sie ben\u00f6tigen, um Ihr Verm\u00f6gen wie Fucanglong Drachen zu sch\u00fctzen.<\/h4>\n\n\n\n<h2 class=\"wp-block-heading\">Mit freundlichen Gr\u00fc\u00dfen, die Gruppe von Fucanglong Verm\u00f6gensverwaltung<\/h2>\n\n\n\n<div class=\"wp-block-buttons is-layout-flex wp-block-buttons-is-layout-flex\">\n<div class=\"wp-block-button\"><a class=\"wp-block-button__link wp-element-button\" href=\"mailto:info@fucanglong.asia\">Email Uns<\/a><\/div>\n<\/div>\n","protected":false},"excerpt":{"rendered":"<p>Fucanglong \u4f0f\u85cf\u9f99: Versteckter Schatz-Drache Fucanglong \u4f0f\u85cf\u9f99 bedeutet ein chinesischer uralter Drache, von dem gemunkelt wird, dass er den gr\u00f6\u00dften verborgenen Schatz der Welt bewacht. Es ist an der Zeit, dass du diesen Drachen erweckst und anf\u00e4ngst, deinen Reichtum als verborgenen Schatz von dir zu h\u00fcten! Fucanglong Verborgener Drache Reichtumsw\u00e4chter Sch\u00fctzen Sie Ihr Verm\u00f6gen 24\/7 das [&hellip;]<\/p>\n","protected":false},"author":1,"featured_media":0,"parent":0,"menu_order":0,"comment_status":"closed","ping_status":"closed","template":"home-panels.php","meta":{"footnotes":""},"yoast_head":"<!-- This site is optimized with the Yoast SEO plugin v24.5 - https:\/\/yoast.com\/wordpress\/plugins\/seo\/ -->\n<title>Start Seite - Fucanglong Verm\u00f6gensverwaltung<\/title>\n<meta name=\"description\" content=\"Fucanglong Verm\u00f6gensverwaltung ist ein Boutique Single Family Office mit einer langen Geschichte im Aufbau von Finanzsystemen auf der ganzen Welt...\" \/>\n<meta name=\"robots\" content=\"index, follow, max-snippet:-1, max-image-preview:large, max-video-preview:-1\" \/>\n<link rel=\"canonical\" href=\"https:\/\/fucanglong.asia\/?page_id=214&lang=de\" \/>\n<meta property=\"og:locale\" content=\"en_US\" \/>\n<meta property=\"og:type\" content=\"article\" \/>\n<meta property=\"og:title\" content=\"Fucanglong Verm\u00f6gensw\u00e4chter\" \/>\n<meta property=\"og:description\" content=\"Fucanglong Verm\u00f6gensverwaltung ist ein Boutique Single Family Office mit einer langen Geschichte im Aufbau von Finanzsystemen auf der ganzen Welt...\" \/>\n<meta property=\"og:url\" content=\"https:\/\/fucanglong.asia\/?page_id=214&amp;lang=de\" \/>\n<meta property=\"og:site_name\" content=\"Fucanglong Verm\u00f6gensverwaltung\" \/>\n<meta property=\"article:modified_time\" content=\"2023-11-13T06:09:04+00:00\" \/>\n<meta property=\"og:image\" content=\"https:\/\/fucanglong.asia\/wp-content\/uploads\/2023\/10\/cropped-Fucanglong-wg-300x300.png\" \/>\n<meta name=\"twitter:card\" content=\"summary_large_image\" \/>\n<meta name=\"twitter:label1\" content=\"Est. reading time\" \/>\n\t<meta name=\"twitter:data1\" content=\"2 minutes\" \/>\n<script type=\"application\/ld+json\" class=\"yoast-schema-graph\">{\"@context\":\"https:\/\/schema.org\",\"@graph\":[{\"@type\":\"WebPage\",\"@id\":\"https:\/\/fucanglong.asia\/?page_id=214&lang=de\",\"url\":\"https:\/\/fucanglong.asia\/?page_id=214&lang=de\",\"name\":\"Start Seite - Fucanglong Verm\u00f6gensverwaltung\",\"isPartOf\":{\"@id\":\"https:\/\/fucanglong.asia\/#website\"},\"primaryImageOfPage\":{\"@id\":\"https:\/\/fucanglong.asia\/?page_id=214&lang=de#primaryimage\"},\"image\":{\"@id\":\"https:\/\/fucanglong.asia\/?page_id=214&lang=de#primaryimage\"},\"thumbnailUrl\":\"https:\/\/fucanglong.asia\/wp-content\/uploads\/2023\/10\/dragon-83-1.gif\",\"datePublished\":\"2023-10-29T05:42:53+00:00\",\"dateModified\":\"2023-11-13T06:09:04+00:00\",\"description\":\"Fucanglong Verm\u00f6gensverwaltung ist ein Boutique Single Family Office mit einer langen Geschichte im Aufbau von Finanzsystemen auf der ganzen Welt...\",\"breadcrumb\":{\"@id\":\"https:\/\/fucanglong.asia\/?page_id=214&lang=de#breadcrumb\"},\"inLanguage\":\"en-US\",\"potentialAction\":[{\"@type\":\"ReadAction\",\"target\":[\"https:\/\/fucanglong.asia\/?page_id=214&lang=de\"]}]},{\"@type\":\"ImageObject\",\"inLanguage\":\"en-US\",\"@id\":\"https:\/\/fucanglong.asia\/?page_id=214&lang=de#primaryimage\",\"url\":\"https:\/\/fucanglong.asia\/wp-content\/uploads\/2023\/10\/dragon-83-1.gif\",\"contentUrl\":\"https:\/\/fucanglong.asia\/wp-content\/uploads\/2023\/10\/dragon-83-1.gif\",\"width\":500,\"height\":590,\"caption\":\"Fucanglong Drachen\"},{\"@type\":\"BreadcrumbList\",\"@id\":\"https:\/\/fucanglong.asia\/?page_id=214&lang=de#breadcrumb\",\"itemListElement\":[{\"@type\":\"ListItem\",\"position\":1,\"name\":\"Home\",\"item\":\"https:\/\/fucanglong.asia\/\"},{\"@type\":\"ListItem\",\"position\":2,\"name\":\"Start Seite\"}]},{\"@type\":\"WebSite\",\"@id\":\"https:\/\/fucanglong.asia\/#website\",\"url\":\"https:\/\/fucanglong.asia\/\",\"name\":\"Fucanglong Verm\u00f6gensverwaltung\",\"description\":\"Verm\u00f6gensverwaltungsl\u00f6sung\",\"publisher\":{\"@id\":\"https:\/\/fucanglong.asia\/#organization\"},\"potentialAction\":[{\"@type\":\"SearchAction\",\"target\":{\"@type\":\"EntryPoint\",\"urlTemplate\":\"https:\/\/fucanglong.asia\/?s={search_term_string}\"},\"query-input\":{\"@type\":\"PropertyValueSpecification\",\"valueRequired\":true,\"valueName\":\"search_term_string\"}}],\"inLanguage\":\"en-US\"},{\"@type\":\"Organization\",\"@id\":\"https:\/\/fucanglong.asia\/#organization\",\"name\":\"Fucanglong Verm\u00f6gensverwaltung\",\"url\":\"https:\/\/fucanglong.asia\/\",\"logo\":{\"@type\":\"ImageObject\",\"inLanguage\":\"en-US\",\"@id\":\"https:\/\/fucanglong.asia\/#\/schema\/logo\/image\/\",\"url\":\"https:\/\/fucanglong.asia\/wp-content\/uploads\/2023\/10\/cropped-Fucanglong-wg.png\",\"contentUrl\":\"https:\/\/fucanglong.asia\/wp-content\/uploads\/2023\/10\/cropped-Fucanglong-wg.png\",\"width\":414,\"height\":414,\"caption\":\"Fucanglong Verm\u00f6gensverwaltung\"},\"image\":{\"@id\":\"https:\/\/fucanglong.asia\/#\/schema\/logo\/image\/\"}}]}<\/script>\n<!-- \/ Yoast SEO plugin. -->","yoast_head_json":{"title":"Start Seite - Fucanglong Verm\u00f6gensverwaltung","description":"Fucanglong Verm\u00f6gensverwaltung ist ein Boutique Single Family Office mit einer langen Geschichte im Aufbau von Finanzsystemen auf der ganzen Welt...","robots":{"index":"index","follow":"follow","max-snippet":"max-snippet:-1","max-image-preview":"max-image-preview:large","max-video-preview":"max-video-preview:-1"},"canonical":"https:\/\/fucanglong.asia\/?page_id=214&lang=de","og_locale":"en_US","og_type":"article","og_title":"Fucanglong Verm\u00f6gensw\u00e4chter","og_description":"Fucanglong Verm\u00f6gensverwaltung ist ein Boutique Single Family Office mit einer langen Geschichte im Aufbau von Finanzsystemen auf der ganzen Welt...","og_url":"https:\/\/fucanglong.asia\/?page_id=214&lang=de","og_site_name":"Fucanglong Verm\u00f6gensverwaltung","article_modified_time":"2023-11-13T06:09:04+00:00","og_image":[{"url":"https:\/\/fucanglong.asia\/wp-content\/uploads\/2023\/10\/cropped-Fucanglong-wg-300x300.png","type":"","width":"","height":""}],"twitter_card":"summary_large_image","twitter_misc":{"Est. reading time":"2 minutes"},"schema":{"@context":"https:\/\/schema.org","@graph":[{"@type":"WebPage","@id":"https:\/\/fucanglong.asia\/?page_id=214&lang=de","url":"https:\/\/fucanglong.asia\/?page_id=214&lang=de","name":"Start Seite - Fucanglong Verm\u00f6gensverwaltung","isPartOf":{"@id":"https:\/\/fucanglong.asia\/#website"},"primaryImageOfPage":{"@id":"https:\/\/fucanglong.asia\/?page_id=214&lang=de#primaryimage"},"image":{"@id":"https:\/\/fucanglong.asia\/?page_id=214&lang=de#primaryimage"},"thumbnailUrl":"https:\/\/fucanglong.asia\/wp-content\/uploads\/2023\/10\/dragon-83-1.gif","datePublished":"2023-10-29T05:42:53+00:00","dateModified":"2023-11-13T06:09:04+00:00","description":"Fucanglong Verm\u00f6gensverwaltung ist ein Boutique Single Family Office mit einer langen Geschichte im Aufbau von Finanzsystemen auf der ganzen Welt...","breadcrumb":{"@id":"https:\/\/fucanglong.asia\/?page_id=214&lang=de#breadcrumb"},"inLanguage":"en-US","potentialAction":[{"@type":"ReadAction","target":["https:\/\/fucanglong.asia\/?page_id=214&lang=de"]}]},{"@type":"ImageObject","inLanguage":"en-US","@id":"https:\/\/fucanglong.asia\/?page_id=214&lang=de#primaryimage","url":"https:\/\/fucanglong.asia\/wp-content\/uploads\/2023\/10\/dragon-83-1.gif","contentUrl":"https:\/\/fucanglong.asia\/wp-content\/uploads\/2023\/10\/dragon-83-1.gif","width":500,"height":590,"caption":"Fucanglong Drachen"},{"@type":"BreadcrumbList","@id":"https:\/\/fucanglong.asia\/?page_id=214&lang=de#breadcrumb","itemListElement":[{"@type":"ListItem","position":1,"name":"Home","item":"https:\/\/fucanglong.asia\/"},{"@type":"ListItem","position":2,"name":"Start Seite"}]},{"@type":"WebSite","@id":"https:\/\/fucanglong.asia\/#website","url":"https:\/\/fucanglong.asia\/","name":"Fucanglong Verm\u00f6gensverwaltung","description":"Verm\u00f6gensverwaltungsl\u00f6sung","publisher":{"@id":"https:\/\/fucanglong.asia\/#organization"},"potentialAction":[{"@type":"SearchAction","target":{"@type":"EntryPoint","urlTemplate":"https:\/\/fucanglong.asia\/?s={search_term_string}"},"query-input":{"@type":"PropertyValueSpecification","valueRequired":true,"valueName":"search_term_string"}}],"inLanguage":"en-US"},{"@type":"Organization","@id":"https:\/\/fucanglong.asia\/#organization","name":"Fucanglong Verm\u00f6gensverwaltung","url":"https:\/\/fucanglong.asia\/","logo":{"@type":"ImageObject","inLanguage":"en-US","@id":"https:\/\/fucanglong.asia\/#\/schema\/logo\/image\/","url":"https:\/\/fucanglong.asia\/wp-content\/uploads\/2023\/10\/cropped-Fucanglong-wg.png","contentUrl":"https:\/\/fucanglong.asia\/wp-content\/uploads\/2023\/10\/cropped-Fucanglong-wg.png","width":414,"height":414,"caption":"Fucanglong Verm\u00f6gensverwaltung"},"image":{"@id":"https:\/\/fucanglong.asia\/#\/schema\/logo\/image\/"}}]}},"_links":{"self":[{"href":"https:\/\/fucanglong.asia\/index.php?rest_route=\/wp\/v2\/pages\/214"}],"collection":[{"href":"https:\/\/fucanglong.asia\/index.php?rest_route=\/wp\/v2\/pages"}],"about":[{"href":"https:\/\/fucanglong.asia\/index.php?rest_route=\/wp\/v2\/types\/page"}],"author":[{"embeddable":true,"href":"https:\/\/fucanglong.asia\/index.php?rest_route=\/wp\/v2\/users\/1"}],"replies":[{"embeddable":true,"href":"https:\/\/fucanglong.asia\/index.php?rest_route=%2Fwp%2Fv2%2Fcomments&post=214"}],"version-history":[{"count":6,"href":"https:\/\/fucanglong.asia\/index.php?rest_route=\/wp\/v2\/pages\/214\/revisions"}],"predecessor-version":[{"id":268,"href":"https:\/\/fucanglong.asia\/index.php?rest_route=\/wp\/v2\/pages\/214\/revisions\/268"}],"wp:attachment":[{"href":"https:\/\/fucanglong.asia\/index.php?rest_route=%2Fwp%2Fv2%2Fmedia&parent=214"}],"curies":[{"name":"wp","href":"https:\/\/api.w.org\/{rel}","templated":true}]}}