{"id":241,"date":"2023-10-29T07:30:05","date_gmt":"2023-10-29T07:30:05","guid":{"rendered":"https:\/\/fucanglong.asia\/?page_id=241"},"modified":"2023-10-29T07:37:56","modified_gmt":"2023-10-29T07:37:56","slug":"saas","status":"publish","type":"page","link":"https:\/\/fucanglong.asia\/?page_id=241","title":{"rendered":"SaaS++"},"content":{"rendered":"\n<p>Fucanglong SaaS++ is a solution for private wealth management and protection<\/p>\n\n\n\n<p>The Fucanglong solution is offered in a SaaS++ style, which means you will get your own Virtual Private Server only accessible via browser on an unique personalized link.<br>As principal you are the superuser and determine who can see what in our fine grained top-down security model<br>You or your private office can manage: all assets, all liabilities, maintain all contacts, accounts, portfolios and more<br>Auto-magically it will keep itself updated from internet avaialable items on a daily basis and offers data entry\/exports by either hand, XML or Excel files.<br>Set Alarms for almost anything: attempt of access, thresholds reached\/breached, liabilities due\/overdue and track and trace who did what, where and when.<\/p>\n\n\n\n<p>If we have raised your interest please use Email us button below!<\/p>\n\n\n\n<p><strong>Copyright notice: Nothing of this content may be linked, copied and\/or used other than with written permission of Fucanglong Team.<\/strong><\/p>\n\n\n\n<div class=\"wp-block-buttons is-layout-flex wp-block-buttons-is-layout-flex\">\n<div class=\"wp-block-button\"><a class=\"wp-block-button__link wp-element-button\" href=\"https:\/\/fucanglong.asia\/\">Home<\/a><\/div>\n\n\n\n<div class=\"wp-block-button\"><a class=\"wp-block-button__link wp-element-button\" href=\"mailto:info@fucanlong.asia\">Email Us<\/a><\/div>\n<\/div>\n","protected":false},"excerpt":{"rendered":"<p>Fucanglong SaaS++ is a solution for private wealth management and protection The Fucanglong solution is offered in a SaaS++ style, which means you will get your own Virtual Private Server only accessible via browser on an unique personalized link.As principal you are the superuser and determine who can see what in our fine grained top-down [&hellip;]<\/p>\n","protected":false},"author":1,"featured_media":0,"parent":0,"menu_order":0,"comment_status":"closed","ping_status":"closed","template":"","meta":{"footnotes":""},"yoast_head":"<!-- This site is optimized with the Yoast SEO plugin v24.5 - https:\/\/yoast.com\/wordpress\/plugins\/seo\/ -->\n<title>SaaS++ - Fucanglong Verm\u00f6gensverwaltung<\/title>\n<meta name=\"description\" content=\"Fucanglong SaaS++ is a &quot;Solution as a Service&quot; meaning no IT of IT-staff required, just focus on managing your wealth!\" \/>\n<meta name=\"robots\" content=\"index, follow, max-snippet:-1, max-image-preview:large, max-video-preview:-1\" \/>\n<link rel=\"canonical\" href=\"https:\/\/fucanglong.asia\/?page_id=241\" \/>\n<meta property=\"og:locale\" content=\"en_US\" \/>\n<meta property=\"og:type\" content=\"article\" \/>\n<meta property=\"og:title\" content=\"SaaS++ - Fucanglong Verm\u00f6gensverwaltung\" \/>\n<meta property=\"og:description\" content=\"Fucanglong SaaS++ is a &quot;Solution as a Service&quot; meaning no IT of IT-staff required, just focus on managing your wealth!\" \/>\n<meta property=\"og:url\" content=\"https:\/\/fucanglong.asia\/?page_id=241\" \/>\n<meta property=\"og:site_name\" content=\"Fucanglong Verm\u00f6gensverwaltung\" \/>\n<meta property=\"article:modified_time\" content=\"2023-10-29T07:37:56+00:00\" \/>\n<meta name=\"twitter:card\" content=\"summary_large_image\" \/>\n<meta name=\"twitter:label1\" content=\"Est. reading time\" \/>\n\t<meta name=\"twitter:data1\" content=\"1 minute\" \/>\n<script type=\"application\/ld+json\" class=\"yoast-schema-graph\">{\"@context\":\"https:\/\/schema.org\",\"@graph\":[{\"@type\":\"WebPage\",\"@id\":\"https:\/\/fucanglong.asia\/?page_id=241\",\"url\":\"https:\/\/fucanglong.asia\/?page_id=241\",\"name\":\"SaaS++ - Fucanglong Verm\u00f6gensverwaltung\",\"isPartOf\":{\"@id\":\"https:\/\/fucanglong.asia\/#website\"},\"datePublished\":\"2023-10-29T07:30:05+00:00\",\"dateModified\":\"2023-10-29T07:37:56+00:00\",\"description\":\"Fucanglong SaaS++ is a \\\"Solution as a Service\\\" meaning no IT of IT-staff required, just focus on managing your wealth!\",\"breadcrumb\":{\"@id\":\"https:\/\/fucanglong.asia\/?page_id=241#breadcrumb\"},\"inLanguage\":\"en-US\",\"potentialAction\":[{\"@type\":\"ReadAction\",\"target\":[\"https:\/\/fucanglong.asia\/?page_id=241\"]}]},{\"@type\":\"BreadcrumbList\",\"@id\":\"https:\/\/fucanglong.asia\/?page_id=241#breadcrumb\",\"itemListElement\":[{\"@type\":\"ListItem\",\"position\":1,\"name\":\"Home\",\"item\":\"https:\/\/fucanglong.asia\/\"},{\"@type\":\"ListItem\",\"position\":2,\"name\":\"SaaS++\"}]},{\"@type\":\"WebSite\",\"@id\":\"https:\/\/fucanglong.asia\/#website\",\"url\":\"https:\/\/fucanglong.asia\/\",\"name\":\"Fucanglong Verm\u00f6gensverwaltung\",\"description\":\"Verm\u00f6gensverwaltungsl\u00f6sung\",\"publisher\":{\"@id\":\"https:\/\/fucanglong.asia\/#organization\"},\"potentialAction\":[{\"@type\":\"SearchAction\",\"target\":{\"@type\":\"EntryPoint\",\"urlTemplate\":\"https:\/\/fucanglong.asia\/?s={search_term_string}\"},\"query-input\":{\"@type\":\"PropertyValueSpecification\",\"valueRequired\":true,\"valueName\":\"search_term_string\"}}],\"inLanguage\":\"en-US\"},{\"@type\":\"Organization\",\"@id\":\"https:\/\/fucanglong.asia\/#organization\",\"name\":\"Fucanglong Verm\u00f6gensverwaltung\",\"url\":\"https:\/\/fucanglong.asia\/\",\"logo\":{\"@type\":\"ImageObject\",\"inLanguage\":\"en-US\",\"@id\":\"https:\/\/fucanglong.asia\/#\/schema\/logo\/image\/\",\"url\":\"https:\/\/fucanglong.asia\/wp-content\/uploads\/2023\/10\/cropped-Fucanglong-wg.png\",\"contentUrl\":\"https:\/\/fucanglong.asia\/wp-content\/uploads\/2023\/10\/cropped-Fucanglong-wg.png\",\"width\":414,\"height\":414,\"caption\":\"Fucanglong Verm\u00f6gensverwaltung\"},\"image\":{\"@id\":\"https:\/\/fucanglong.asia\/#\/schema\/logo\/image\/\"}}]}<\/script>\n<!-- \/ Yoast SEO plugin. -->","yoast_head_json":{"title":"SaaS++ - Fucanglong Verm\u00f6gensverwaltung","description":"Fucanglong SaaS++ is a \"Solution as a Service\" meaning no IT of IT-staff required, just focus on managing your wealth!","robots":{"index":"index","follow":"follow","max-snippet":"max-snippet:-1","max-image-preview":"max-image-preview:large","max-video-preview":"max-video-preview:-1"},"canonical":"https:\/\/fucanglong.asia\/?page_id=241","og_locale":"en_US","og_type":"article","og_title":"SaaS++ - Fucanglong Verm\u00f6gensverwaltung","og_description":"Fucanglong SaaS++ is a \"Solution as a Service\" meaning no IT of IT-staff required, just focus on managing your wealth!","og_url":"https:\/\/fucanglong.asia\/?page_id=241","og_site_name":"Fucanglong Verm\u00f6gensverwaltung","article_modified_time":"2023-10-29T07:37:56+00:00","twitter_card":"summary_large_image","twitter_misc":{"Est. reading time":"1 minute"},"schema":{"@context":"https:\/\/schema.org","@graph":[{"@type":"WebPage","@id":"https:\/\/fucanglong.asia\/?page_id=241","url":"https:\/\/fucanglong.asia\/?page_id=241","name":"SaaS++ - Fucanglong Verm\u00f6gensverwaltung","isPartOf":{"@id":"https:\/\/fucanglong.asia\/#website"},"datePublished":"2023-10-29T07:30:05+00:00","dateModified":"2023-10-29T07:37:56+00:00","description":"Fucanglong SaaS++ is a \"Solution as a Service\" meaning no IT of IT-staff required, just focus on managing your wealth!","breadcrumb":{"@id":"https:\/\/fucanglong.asia\/?page_id=241#breadcrumb"},"inLanguage":"en-US","potentialAction":[{"@type":"ReadAction","target":["https:\/\/fucanglong.asia\/?page_id=241"]}]},{"@type":"BreadcrumbList","@id":"https:\/\/fucanglong.asia\/?page_id=241#breadcrumb","itemListElement":[{"@type":"ListItem","position":1,"name":"Home","item":"https:\/\/fucanglong.asia\/"},{"@type":"ListItem","position":2,"name":"SaaS++"}]},{"@type":"WebSite","@id":"https:\/\/fucanglong.asia\/#website","url":"https:\/\/fucanglong.asia\/","name":"Fucanglong Verm\u00f6gensverwaltung","description":"Verm\u00f6gensverwaltungsl\u00f6sung","publisher":{"@id":"https:\/\/fucanglong.asia\/#organization"},"potentialAction":[{"@type":"SearchAction","target":{"@type":"EntryPoint","urlTemplate":"https:\/\/fucanglong.asia\/?s={search_term_string}"},"query-input":{"@type":"PropertyValueSpecification","valueRequired":true,"valueName":"search_term_string"}}],"inLanguage":"en-US"},{"@type":"Organization","@id":"https:\/\/fucanglong.asia\/#organization","name":"Fucanglong Verm\u00f6gensverwaltung","url":"https:\/\/fucanglong.asia\/","logo":{"@type":"ImageObject","inLanguage":"en-US","@id":"https:\/\/fucanglong.asia\/#\/schema\/logo\/image\/","url":"https:\/\/fucanglong.asia\/wp-content\/uploads\/2023\/10\/cropped-Fucanglong-wg.png","contentUrl":"https:\/\/fucanglong.asia\/wp-content\/uploads\/2023\/10\/cropped-Fucanglong-wg.png","width":414,"height":414,"caption":"Fucanglong Verm\u00f6gensverwaltung"},"image":{"@id":"https:\/\/fucanglong.asia\/#\/schema\/logo\/image\/"}}]}},"_links":{"self":[{"href":"https:\/\/fucanglong.asia\/index.php?rest_route=\/wp\/v2\/pages\/241"}],"collection":[{"href":"https:\/\/fucanglong.asia\/index.php?rest_route=\/wp\/v2\/pages"}],"about":[{"href":"https:\/\/fucanglong.asia\/index.php?rest_route=\/wp\/v2\/types\/page"}],"author":[{"embeddable":true,"href":"https:\/\/fucanglong.asia\/index.php?rest_route=\/wp\/v2\/users\/1"}],"replies":[{"embeddable":true,"href":"https:\/\/fucanglong.asia\/index.php?rest_route=%2Fwp%2Fv2%2Fcomments&post=241"}],"version-history":[{"count":4,"href":"https:\/\/fucanglong.asia\/index.php?rest_route=\/wp\/v2\/pages\/241\/revisions"}],"predecessor-version":[{"id":249,"href":"https:\/\/fucanglong.asia\/index.php?rest_route=\/wp\/v2\/pages\/241\/revisions\/249"}],"wp:attachment":[{"href":"https:\/\/fucanglong.asia\/index.php?rest_route=%2Fwp%2Fv2%2Fmedia&parent=241"}],"curies":[{"name":"wp","href":"https:\/\/api.w.org\/{rel}","templated":true}]}}