{"id":27,"date":"2023-10-16T04:55:05","date_gmt":"2023-10-16T04:55:05","guid":{"rendered":"https:\/\/fucanglong.asia\/wp\/?page_id=27"},"modified":"2023-10-26T04:49:03","modified_gmt":"2023-10-26T04:49:03","slug":"fucanglong-wealth-guard-solution","status":"publish","type":"page","link":"https:\/\/fucanglong.asia\/","title":{"rendered":"Fucanglong"},"content":{"rendered":"<div id=\"pl-gb27-69d4f43c7f92b\"  class=\"panel-layout\" ><div id=\"pg-gb27-69d4f43c7f92b-0\"  class=\"panel-grid panel-no-style\" ><div id=\"pgc-gb27-69d4f43c7f92b-0-0\"  class=\"panel-grid-cell\" ><div id=\"panel-gb27-69d4f43c7f92b-0-0-0\" class=\"so-panel widget widget_media_image panel-first-child panel-last-child\" data-index=\"0\" ><h3 class=\"widget-title\">Fucanglong \u4f0f\u85cf\u9f99: Hidden Treasure Dragon<\/h3><img loading=\"lazy\" decoding=\"async\" width=\"500\" height=\"590\" src=\"https:\/\/fucanglong.asia\/wp-content\/uploads\/2023\/10\/dragon-83.gif\" class=\"image wp-image-69  attachment-full size-full\" alt=\"\" style=\"max-width: 100%; height: auto;\" title=\"Fucanglong Dragon\" \/><\/div><\/div><\/div><\/div>\n\n\n<p>Fucanglong \u4f0f\u85cf\u9f99 means a Chinese Ancient Dragon who is rumored to guard the biggest hidden treasure in the world. It&#8217;s about time you awaken this dragon and starts to guard your wealth as an hidden treasure of you! <\/p>\n\n\n\n<h2 class=\"wp-block-heading\">Fucanglong \u4f0f\u85cf\u9f99 wealth guard<\/h2>\n\n\n\n<p>Protect your wealth 24\/7 all year around. Manage your wealth your way and in absolute privacy. Spend your time on managing your wealth and succession, not on systems and IT. Learn the truth about performance, compare offerings using same methodology, so they become really comparable. Look back and look forward, learn from your own decisions, because as accredited investors you take full responsibility for any trade or actions, anyway. Even non-accredited investors still get forced to take full responsibility. <\/p>\n\n\n\n<h2 class=\"wp-block-heading\">Time to take full control (back)<\/h2>\n\n\n\n<p>As Fucanglong Wealth Management team we believe it&#8217;s high time to take as much control back as you can. Transparency, Securely and Methodically are the three keywords that we use every day in all we do. It is also (high) time to challenge the existing financial institutions. especially those with &#8220;assets under management&#8221; fees. In this day and age of automation, AI support and Virtual Private Servers (VPS) at very reasonable prices, fixed price for functionality you use is your first &#8220;profit&#8221; by not squandering it on unnecessarily costs. <\/p>\n\n\n\n<h2 class=\"wp-block-heading\">Stay informed<\/h2>\n\n\n\n<p>We have plans to release our Fucanglong Wealth Management solution to selected private wealthy individuals and SFO&#8217;s. If you want to know more or want to stay informed, please use Email Us button below.<br>We will never spam you, nor give out your email address to anyone else, exactly the way we wanted to be treated, absolute privately!<\/p>\n\n\n\n<p><strong>Fucanglong Wealth Management creators of Fucanglong Wealth Guard with the utmost Security, Privacy and Transparency you need to guard your wealth like Fucanglong Dragon.<\/strong><\/p>\n\n\n\n<h2 class=\"wp-block-heading\">Yours truly, Fucanglong Wealth Management team <\/h2>\n\n\n\n<div class=\"wp-block-buttons is-layout-flex wp-block-buttons-is-layout-flex\">\n<div class=\"wp-block-button\"><a class=\"wp-block-button__link wp-element-button\" href=\"mailto:info@fucanglong.asia\">Email Us<\/a><\/div>\n<\/div>\n\n\n\n<ul class=\"wp-block-social-links is-layout-flex wp-block-social-links-is-layout-flex\"><li class=\"wp-social-link wp-social-link-linkedin  wp-block-social-link\"><a href=\"https:\/\/www.linkedin.com\/company\/fucanglong\" class=\"wp-block-social-link-anchor\"><svg width=\"24\" height=\"24\" viewBox=\"0 0 24 24\" version=\"1.1\" xmlns=\"http:\/\/www.w3.org\/2000\/svg\" aria-hidden=\"true\" focusable=\"false\"><path d=\"M19.7,3H4.3C3.582,3,3,3.582,3,4.3v15.4C3,20.418,3.582,21,4.3,21h15.4c0.718,0,1.3-0.582,1.3-1.3V4.3 C21,3.582,20.418,3,19.7,3z M8.339,18.338H5.667v-8.59h2.672V18.338z M7.004,8.574c-0.857,0-1.549-0.694-1.549-1.548 c0-0.855,0.691-1.548,1.549-1.548c0.854,0,1.547,0.694,1.547,1.548C8.551,7.881,7.858,8.574,7.004,8.574z M18.339,18.338h-2.669 v-4.177c0-0.996-0.017-2.278-1.387-2.278c-1.389,0-1.601,1.086-1.601,2.206v4.249h-2.667v-8.59h2.559v1.174h0.037 c0.356-0.675,1.227-1.387,2.526-1.387c2.703,0,3.203,1.779,3.203,4.092V18.338z\"><\/path><\/svg><span class=\"wp-block-social-link-label screen-reader-text\">LinkedIn<\/span><\/a><\/li><\/ul>\n","protected":false},"excerpt":{"rendered":"<p>Fucanglong \u4f0f\u85cf\u9f99 means a Chinese Ancient Dragon who is rumored to guard the biggest hidden treasure in the world. It&#8217;s about time you awaken this dragon and starts to guard your wealth as an hidden treasure of you! Fucanglong \u4f0f\u85cf\u9f99 wealth guard Protect your wealth 24\/7 all year around. Manage your wealth your way and [&hellip;]<\/p>\n","protected":false},"author":1,"featured_media":0,"parent":0,"menu_order":0,"comment_status":"closed","ping_status":"closed","template":"home-panels.php","meta":{"footnotes":""},"yoast_head":"<!-- This site is optimized with the Yoast SEO plugin v24.5 - https:\/\/yoast.com\/wordpress\/plugins\/seo\/ -->\n<title>Fucanglong - Fucanglong Verm\u00f6gensverwaltung<\/title>\n<meta name=\"description\" content=\"Fucanglong Wealth Management is a Boutique Single Family Office with a long history of building financial systems around the world...\" \/>\n<meta name=\"robots\" content=\"index, follow, max-snippet:-1, max-image-preview:large, max-video-preview:-1\" \/>\n<link rel=\"canonical\" href=\"https:\/\/fucanglong.asia\/\" \/>\n<meta property=\"og:locale\" content=\"en_US\" \/>\n<meta property=\"og:type\" content=\"article\" \/>\n<meta property=\"og:title\" content=\"Fucanglong Wealth Guard\" \/>\n<meta property=\"og:description\" content=\"Fucanglong Wealth Management is a Boutique Single Family Office with a long history of building financial systems around the world...\" \/>\n<meta property=\"og:url\" content=\"https:\/\/fucanglong.asia\/\" \/>\n<meta property=\"og:site_name\" content=\"Fucanglong Verm\u00f6gensverwaltung\" \/>\n<meta property=\"article:modified_time\" content=\"2023-10-26T04:49:03+00:00\" \/>\n<meta property=\"og:image\" content=\"https:\/\/fucanglong.asia\/wp-content\/uploads\/2023\/10\/cropped-Fucanglong-wg.png\" \/>\n\t<meta property=\"og:image:width\" content=\"414\" \/>\n\t<meta property=\"og:image:height\" content=\"414\" \/>\n\t<meta property=\"og:image:type\" content=\"image\/png\" \/>\n<meta name=\"twitter:card\" content=\"summary_large_image\" \/>\n<script type=\"application\/ld+json\" class=\"yoast-schema-graph\">{\"@context\":\"https:\/\/schema.org\",\"@graph\":[{\"@type\":\"WebPage\",\"@id\":\"https:\/\/fucanglong.asia\/\",\"url\":\"https:\/\/fucanglong.asia\/\",\"name\":\"Fucanglong - Fucanglong Verm\u00f6gensverwaltung\",\"isPartOf\":{\"@id\":\"https:\/\/fucanglong.asia\/#website\"},\"primaryImageOfPage\":{\"@id\":\"https:\/\/fucanglong.asia\/#primaryimage\"},\"image\":{\"@id\":\"https:\/\/fucanglong.asia\/#primaryimage\"},\"thumbnailUrl\":\"https:\/\/fucanglong.asia\/wp-content\/uploads\/2023\/10\/dragon-83.gif\",\"datePublished\":\"2023-10-16T04:55:05+00:00\",\"dateModified\":\"2023-10-26T04:49:03+00:00\",\"description\":\"Fucanglong Wealth Management is a Boutique Single Family Office with a long history of building financial systems around the world...\",\"breadcrumb\":{\"@id\":\"https:\/\/fucanglong.asia\/#breadcrumb\"},\"inLanguage\":\"en-US\",\"potentialAction\":[{\"@type\":\"ReadAction\",\"target\":[\"https:\/\/fucanglong.asia\/\"]}]},{\"@type\":\"ImageObject\",\"inLanguage\":\"en-US\",\"@id\":\"https:\/\/fucanglong.asia\/#primaryimage\",\"url\":\"https:\/\/fucanglong.asia\/wp-content\/uploads\/2023\/10\/dragon-83.gif\",\"contentUrl\":\"https:\/\/fucanglong.asia\/wp-content\/uploads\/2023\/10\/dragon-83.gif\"},{\"@type\":\"BreadcrumbList\",\"@id\":\"https:\/\/fucanglong.asia\/#breadcrumb\",\"itemListElement\":[{\"@type\":\"ListItem\",\"position\":1,\"name\":\"Home\",\"item\":\"https:\/\/fucanglong.asia\/\"},{\"@type\":\"ListItem\",\"position\":2,\"name\":\"Fucanglong\"}]},{\"@type\":\"WebSite\",\"@id\":\"https:\/\/fucanglong.asia\/#website\",\"url\":\"https:\/\/fucanglong.asia\/\",\"name\":\"Fucanglong Verm\u00f6gensverwaltung\",\"description\":\"Verm\u00f6gensverwaltungsl\u00f6sung\",\"publisher\":{\"@id\":\"https:\/\/fucanglong.asia\/#organization\"},\"potentialAction\":[{\"@type\":\"SearchAction\",\"target\":{\"@type\":\"EntryPoint\",\"urlTemplate\":\"https:\/\/fucanglong.asia\/?s={search_term_string}\"},\"query-input\":{\"@type\":\"PropertyValueSpecification\",\"valueRequired\":true,\"valueName\":\"search_term_string\"}}],\"inLanguage\":\"en-US\"},{\"@type\":\"Organization\",\"@id\":\"https:\/\/fucanglong.asia\/#organization\",\"name\":\"Fucanglong Verm\u00f6gensverwaltung\",\"url\":\"https:\/\/fucanglong.asia\/\",\"logo\":{\"@type\":\"ImageObject\",\"inLanguage\":\"en-US\",\"@id\":\"https:\/\/fucanglong.asia\/#\/schema\/logo\/image\/\",\"url\":\"https:\/\/fucanglong.asia\/wp-content\/uploads\/2023\/10\/cropped-Fucanglong-wg.png\",\"contentUrl\":\"https:\/\/fucanglong.asia\/wp-content\/uploads\/2023\/10\/cropped-Fucanglong-wg.png\",\"width\":414,\"height\":414,\"caption\":\"Fucanglong Verm\u00f6gensverwaltung\"},\"image\":{\"@id\":\"https:\/\/fucanglong.asia\/#\/schema\/logo\/image\/\"}}]}<\/script>\n<!-- \/ Yoast SEO plugin. -->","yoast_head_json":{"title":"Fucanglong - Fucanglong Verm\u00f6gensverwaltung","description":"Fucanglong Wealth Management is a Boutique Single Family Office with a long history of building financial systems around the world...","robots":{"index":"index","follow":"follow","max-snippet":"max-snippet:-1","max-image-preview":"max-image-preview:large","max-video-preview":"max-video-preview:-1"},"canonical":"https:\/\/fucanglong.asia\/","og_locale":"en_US","og_type":"article","og_title":"Fucanglong Wealth Guard","og_description":"Fucanglong Wealth Management is a Boutique Single Family Office with a long history of building financial systems around the world...","og_url":"https:\/\/fucanglong.asia\/","og_site_name":"Fucanglong Verm\u00f6gensverwaltung","article_modified_time":"2023-10-26T04:49:03+00:00","og_image":[{"width":414,"height":414,"url":"https:\/\/fucanglong.asia\/wp-content\/uploads\/2023\/10\/cropped-Fucanglong-wg.png","type":"image\/png"}],"twitter_card":"summary_large_image","schema":{"@context":"https:\/\/schema.org","@graph":[{"@type":"WebPage","@id":"https:\/\/fucanglong.asia\/","url":"https:\/\/fucanglong.asia\/","name":"Fucanglong - Fucanglong Verm\u00f6gensverwaltung","isPartOf":{"@id":"https:\/\/fucanglong.asia\/#website"},"primaryImageOfPage":{"@id":"https:\/\/fucanglong.asia\/#primaryimage"},"image":{"@id":"https:\/\/fucanglong.asia\/#primaryimage"},"thumbnailUrl":"https:\/\/fucanglong.asia\/wp-content\/uploads\/2023\/10\/dragon-83.gif","datePublished":"2023-10-16T04:55:05+00:00","dateModified":"2023-10-26T04:49:03+00:00","description":"Fucanglong Wealth Management is a Boutique Single Family Office with a long history of building financial systems around the world...","breadcrumb":{"@id":"https:\/\/fucanglong.asia\/#breadcrumb"},"inLanguage":"en-US","potentialAction":[{"@type":"ReadAction","target":["https:\/\/fucanglong.asia\/"]}]},{"@type":"ImageObject","inLanguage":"en-US","@id":"https:\/\/fucanglong.asia\/#primaryimage","url":"https:\/\/fucanglong.asia\/wp-content\/uploads\/2023\/10\/dragon-83.gif","contentUrl":"https:\/\/fucanglong.asia\/wp-content\/uploads\/2023\/10\/dragon-83.gif"},{"@type":"BreadcrumbList","@id":"https:\/\/fucanglong.asia\/#breadcrumb","itemListElement":[{"@type":"ListItem","position":1,"name":"Home","item":"https:\/\/fucanglong.asia\/"},{"@type":"ListItem","position":2,"name":"Fucanglong"}]},{"@type":"WebSite","@id":"https:\/\/fucanglong.asia\/#website","url":"https:\/\/fucanglong.asia\/","name":"Fucanglong Verm\u00f6gensverwaltung","description":"Verm\u00f6gensverwaltungsl\u00f6sung","publisher":{"@id":"https:\/\/fucanglong.asia\/#organization"},"potentialAction":[{"@type":"SearchAction","target":{"@type":"EntryPoint","urlTemplate":"https:\/\/fucanglong.asia\/?s={search_term_string}"},"query-input":{"@type":"PropertyValueSpecification","valueRequired":true,"valueName":"search_term_string"}}],"inLanguage":"en-US"},{"@type":"Organization","@id":"https:\/\/fucanglong.asia\/#organization","name":"Fucanglong Verm\u00f6gensverwaltung","url":"https:\/\/fucanglong.asia\/","logo":{"@type":"ImageObject","inLanguage":"en-US","@id":"https:\/\/fucanglong.asia\/#\/schema\/logo\/image\/","url":"https:\/\/fucanglong.asia\/wp-content\/uploads\/2023\/10\/cropped-Fucanglong-wg.png","contentUrl":"https:\/\/fucanglong.asia\/wp-content\/uploads\/2023\/10\/cropped-Fucanglong-wg.png","width":414,"height":414,"caption":"Fucanglong Verm\u00f6gensverwaltung"},"image":{"@id":"https:\/\/fucanglong.asia\/#\/schema\/logo\/image\/"}}]}},"_links":{"self":[{"href":"https:\/\/fucanglong.asia\/index.php?rest_route=\/wp\/v2\/pages\/27"}],"collection":[{"href":"https:\/\/fucanglong.asia\/index.php?rest_route=\/wp\/v2\/pages"}],"about":[{"href":"https:\/\/fucanglong.asia\/index.php?rest_route=\/wp\/v2\/types\/page"}],"author":[{"embeddable":true,"href":"https:\/\/fucanglong.asia\/index.php?rest_route=\/wp\/v2\/users\/1"}],"replies":[{"embeddable":true,"href":"https:\/\/fucanglong.asia\/index.php?rest_route=%2Fwp%2Fv2%2Fcomments&post=27"}],"version-history":[{"count":13,"href":"https:\/\/fucanglong.asia\/index.php?rest_route=\/wp\/v2\/pages\/27\/revisions"}],"predecessor-version":[{"id":120,"href":"https:\/\/fucanglong.asia\/index.php?rest_route=\/wp\/v2\/pages\/27\/revisions\/120"}],"wp:attachment":[{"href":"https:\/\/fucanglong.asia\/index.php?rest_route=%2Fwp%2Fv2%2Fmedia&parent=27"}],"curies":[{"name":"wp","href":"https:\/\/api.w.org\/{rel}","templated":true}]}}