{"id":275,"date":"2023-11-20T06:18:11","date_gmt":"2023-11-20T06:18:11","guid":{"rendered":"https:\/\/fucanglong.asia\/?page_id=275"},"modified":"2023-11-20T06:18:12","modified_gmt":"2023-11-20T06:18:12","slug":"vrijwaring","status":"publish","type":"page","link":"https:\/\/fucanglong.asia\/?page_id=275&lang=nl","title":{"rendered":"Vrijwaring"},"content":{"rendered":"\n<figure class=\"wp-block-image size-full\"><img loading=\"lazy\" decoding=\"async\" width=\"90\" height=\"90\" src=\"https:\/\/fucanglong.asia\/wp-content\/uploads\/2023\/11\/Fucanglong-wg-Custom.png\" alt=\"\" class=\"wp-image-277\"\/><\/figure>\n\n\n\n<h2 class=\"wp-block-heading\">Beperkingen op samenwerking<\/h2>\n\n\n\n<p>Hoewel we proberen ver weg te blijven van politiek\/religies\/oorlogen etc. nemen we diverse wet- en regelgeving uiterst serieus, vooral omdat wij werkzaam waren op het gebied van expertise, witwassen, terrorismefinanciering en belastingontduiking. Wij staan het gebruik van onze Fucanglong-oplossing voor deze doeleinden niet toe. Als u een politiek prominente persoon (PEP) bent of op een andere manier verbonden bent met illegale financi\u00eble transacties, zoals gokken, online gokken en\/of een van de bovenstaande zaken, zullen we niet met u in zee gaan en\/of kunnen we de oplossing die u bij ons heeft gekocht stopzetten totdat uw naam is gezuiverd en\/of er geen redelijke twijfel meer bestaat. Als u al klant bij ons bent, wordt er in principe geen restitutie van reeds betaalde termijnen verleend, tenzij, naar goeddunken van het Fucanglong-team, deze anders beslist.<\/p>\n\n\n\n<h2 class=\"wp-block-heading\">Uitgesloten Landen\/Personen<\/h2>\n\n\n\n<p>De volgende landen\/burgers staan momenteel op onze lijst als uitgesloten landen\/personen. Deze lijst is niet uitputtend en kan op elk moment naar eigen goeddunken van het Fucanglong-team veranderen.<\/p>\n\n\n\n<ul>\n<li>Elk land dat in oorlog is of waar sancties tegen zijn opgelegd door de Verenigde Naties\n<ul>\n<li>Rusland, Oekra\u00efne, Jemen, Noord-Korea, etc<\/li>\n<\/ul>\n<\/li>\n\n\n\n<li>Elke persoon op de PEP-lijst\n<ul>\n<li>Ter verificatie gebruiken we de Europese PEP-lijst<\/li>\n<\/ul>\n<\/li>\n\n\n\n<li>Elk land met een beperkt of geen financieel strak regime<br>(bijvoorbeeld: veel oplichting komt uit deze landen)\n<ul>\n<li>Nigeria, enz.<\/li>\n<\/ul>\n<\/li>\n\n\n\n<li>Elk land dat ons beperkt in het zakendoen in dat land of rechtsgebied<br>(ontbrekende vergunningen, kan dus niet rechtstreeks aan deze landen verkopen)\n<ul>\n<li>Maleisi\u00eb, China, enz.<\/li>\n<\/ul>\n<\/li>\n\n\n\n<li>Niet geslaagd voor onze Know Your Customer (KYC)-controles.\n<ul>\n<li>Hoewel we GEEN financieel bedrijf zijn en geen financieel advies geven, willen we vrijwillig voldoen aan de financi\u00eble toezichthouders en regelgeving van verschillende landen, omdat we mogelijkheden bieden om een groot deel van de financi\u00eble wereld en activa te monitoren\/volgen\/gebruiken en zichtbaar te maken.<\/li>\n<\/ul>\n<\/li>\n<\/ul>\n","protected":false},"excerpt":{"rendered":"<p>Beperkingen op samenwerking Hoewel we proberen ver weg te blijven van politiek\/religies\/oorlogen etc. nemen we diverse wet- en regelgeving uiterst serieus, vooral omdat wij werkzaam waren op het gebied van expertise, witwassen, terrorismefinanciering en belastingontduiking. Wij staan het gebruik van onze Fucanglong-oplossing voor deze doeleinden niet toe. Als u een politiek prominente persoon (PEP) bent [&hellip;]<\/p>\n","protected":false},"author":1,"featured_media":0,"parent":0,"menu_order":0,"comment_status":"closed","ping_status":"closed","template":"","meta":{"footnotes":""},"yoast_head":"<!-- This site is optimized with the Yoast SEO plugin v24.5 - https:\/\/yoast.com\/wordpress\/plugins\/seo\/ -->\n<title>Vrijwaring - Fucanglong Verm\u00f6gensverwaltung<\/title>\n<meta name=\"robots\" content=\"index, follow, max-snippet:-1, max-image-preview:large, max-video-preview:-1\" \/>\n<link rel=\"canonical\" href=\"https:\/\/fucanglong.asia\/?page_id=275&lang=nl\" \/>\n<meta property=\"og:locale\" content=\"en_US\" \/>\n<meta property=\"og:type\" content=\"article\" \/>\n<meta property=\"og:title\" content=\"Vrijwaring - Fucanglong Verm\u00f6gensverwaltung\" \/>\n<meta property=\"og:description\" content=\"Beperkingen op samenwerking Hoewel we proberen ver weg te blijven van politiek\/religies\/oorlogen etc. nemen we diverse wet- en regelgeving uiterst serieus, vooral omdat wij werkzaam waren op het gebied van expertise, witwassen, terrorismefinanciering en belastingontduiking. Wij staan het gebruik van onze Fucanglong-oplossing voor deze doeleinden niet toe. Als u een politiek prominente persoon (PEP) bent [&hellip;]\" \/>\n<meta property=\"og:url\" content=\"https:\/\/fucanglong.asia\/?page_id=275&amp;lang=nl\" \/>\n<meta property=\"og:site_name\" content=\"Fucanglong Verm\u00f6gensverwaltung\" \/>\n<meta property=\"article:modified_time\" content=\"2023-11-20T06:18:12+00:00\" \/>\n<meta property=\"og:image\" content=\"https:\/\/fucanglong.asia\/wp-content\/uploads\/2023\/11\/Fucanglong-wg-Custom.png\" \/>\n<meta name=\"twitter:card\" content=\"summary_large_image\" \/>\n<meta name=\"twitter:label1\" content=\"Est. reading time\" \/>\n\t<meta name=\"twitter:data1\" content=\"2 minutes\" \/>\n<script type=\"application\/ld+json\" class=\"yoast-schema-graph\">{\"@context\":\"https:\/\/schema.org\",\"@graph\":[{\"@type\":\"WebPage\",\"@id\":\"https:\/\/fucanglong.asia\/?page_id=275&lang=nl\",\"url\":\"https:\/\/fucanglong.asia\/?page_id=275&lang=nl\",\"name\":\"Vrijwaring - Fucanglong Verm\u00f6gensverwaltung\",\"isPartOf\":{\"@id\":\"https:\/\/fucanglong.asia\/#website\"},\"primaryImageOfPage\":{\"@id\":\"https:\/\/fucanglong.asia\/?page_id=275&lang=nl#primaryimage\"},\"image\":{\"@id\":\"https:\/\/fucanglong.asia\/?page_id=275&lang=nl#primaryimage\"},\"thumbnailUrl\":\"https:\/\/fucanglong.asia\/wp-content\/uploads\/2023\/11\/Fucanglong-wg-Custom.png\",\"datePublished\":\"2023-11-20T06:18:11+00:00\",\"dateModified\":\"2023-11-20T06:18:12+00:00\",\"breadcrumb\":{\"@id\":\"https:\/\/fucanglong.asia\/?page_id=275&lang=nl#breadcrumb\"},\"inLanguage\":\"en-US\",\"potentialAction\":[{\"@type\":\"ReadAction\",\"target\":[\"https:\/\/fucanglong.asia\/?page_id=275&lang=nl\"]}]},{\"@type\":\"ImageObject\",\"inLanguage\":\"en-US\",\"@id\":\"https:\/\/fucanglong.asia\/?page_id=275&lang=nl#primaryimage\",\"url\":\"https:\/\/fucanglong.asia\/wp-content\/uploads\/2023\/11\/Fucanglong-wg-Custom.png\",\"contentUrl\":\"https:\/\/fucanglong.asia\/wp-content\/uploads\/2023\/11\/Fucanglong-wg-Custom.png\",\"width\":90,\"height\":90},{\"@type\":\"BreadcrumbList\",\"@id\":\"https:\/\/fucanglong.asia\/?page_id=275&lang=nl#breadcrumb\",\"itemListElement\":[{\"@type\":\"ListItem\",\"position\":1,\"name\":\"Home\",\"item\":\"https:\/\/fucanglong.asia\/\"},{\"@type\":\"ListItem\",\"position\":2,\"name\":\"Vrijwaring\"}]},{\"@type\":\"WebSite\",\"@id\":\"https:\/\/fucanglong.asia\/#website\",\"url\":\"https:\/\/fucanglong.asia\/\",\"name\":\"Fucanglong Verm\u00f6gensverwaltung\",\"description\":\"Verm\u00f6gensverwaltungsl\u00f6sung\",\"publisher\":{\"@id\":\"https:\/\/fucanglong.asia\/#organization\"},\"potentialAction\":[{\"@type\":\"SearchAction\",\"target\":{\"@type\":\"EntryPoint\",\"urlTemplate\":\"https:\/\/fucanglong.asia\/?s={search_term_string}\"},\"query-input\":{\"@type\":\"PropertyValueSpecification\",\"valueRequired\":true,\"valueName\":\"search_term_string\"}}],\"inLanguage\":\"en-US\"},{\"@type\":\"Organization\",\"@id\":\"https:\/\/fucanglong.asia\/#organization\",\"name\":\"Fucanglong Verm\u00f6gensverwaltung\",\"url\":\"https:\/\/fucanglong.asia\/\",\"logo\":{\"@type\":\"ImageObject\",\"inLanguage\":\"en-US\",\"@id\":\"https:\/\/fucanglong.asia\/#\/schema\/logo\/image\/\",\"url\":\"https:\/\/fucanglong.asia\/wp-content\/uploads\/2023\/10\/cropped-Fucanglong-wg.png\",\"contentUrl\":\"https:\/\/fucanglong.asia\/wp-content\/uploads\/2023\/10\/cropped-Fucanglong-wg.png\",\"width\":414,\"height\":414,\"caption\":\"Fucanglong Verm\u00f6gensverwaltung\"},\"image\":{\"@id\":\"https:\/\/fucanglong.asia\/#\/schema\/logo\/image\/\"}}]}<\/script>\n<!-- \/ Yoast SEO plugin. -->","yoast_head_json":{"title":"Vrijwaring - Fucanglong Verm\u00f6gensverwaltung","robots":{"index":"index","follow":"follow","max-snippet":"max-snippet:-1","max-image-preview":"max-image-preview:large","max-video-preview":"max-video-preview:-1"},"canonical":"https:\/\/fucanglong.asia\/?page_id=275&lang=nl","og_locale":"en_US","og_type":"article","og_title":"Vrijwaring - Fucanglong Verm\u00f6gensverwaltung","og_description":"Beperkingen op samenwerking Hoewel we proberen ver weg te blijven van politiek\/religies\/oorlogen etc. nemen we diverse wet- en regelgeving uiterst serieus, vooral omdat wij werkzaam waren op het gebied van expertise, witwassen, terrorismefinanciering en belastingontduiking. Wij staan het gebruik van onze Fucanglong-oplossing voor deze doeleinden niet toe. Als u een politiek prominente persoon (PEP) bent [&hellip;]","og_url":"https:\/\/fucanglong.asia\/?page_id=275&lang=nl","og_site_name":"Fucanglong Verm\u00f6gensverwaltung","article_modified_time":"2023-11-20T06:18:12+00:00","og_image":[{"url":"https:\/\/fucanglong.asia\/wp-content\/uploads\/2023\/11\/Fucanglong-wg-Custom.png","type":"","width":"","height":""}],"twitter_card":"summary_large_image","twitter_misc":{"Est. reading time":"2 minutes"},"schema":{"@context":"https:\/\/schema.org","@graph":[{"@type":"WebPage","@id":"https:\/\/fucanglong.asia\/?page_id=275&lang=nl","url":"https:\/\/fucanglong.asia\/?page_id=275&lang=nl","name":"Vrijwaring - Fucanglong Verm\u00f6gensverwaltung","isPartOf":{"@id":"https:\/\/fucanglong.asia\/#website"},"primaryImageOfPage":{"@id":"https:\/\/fucanglong.asia\/?page_id=275&lang=nl#primaryimage"},"image":{"@id":"https:\/\/fucanglong.asia\/?page_id=275&lang=nl#primaryimage"},"thumbnailUrl":"https:\/\/fucanglong.asia\/wp-content\/uploads\/2023\/11\/Fucanglong-wg-Custom.png","datePublished":"2023-11-20T06:18:11+00:00","dateModified":"2023-11-20T06:18:12+00:00","breadcrumb":{"@id":"https:\/\/fucanglong.asia\/?page_id=275&lang=nl#breadcrumb"},"inLanguage":"en-US","potentialAction":[{"@type":"ReadAction","target":["https:\/\/fucanglong.asia\/?page_id=275&lang=nl"]}]},{"@type":"ImageObject","inLanguage":"en-US","@id":"https:\/\/fucanglong.asia\/?page_id=275&lang=nl#primaryimage","url":"https:\/\/fucanglong.asia\/wp-content\/uploads\/2023\/11\/Fucanglong-wg-Custom.png","contentUrl":"https:\/\/fucanglong.asia\/wp-content\/uploads\/2023\/11\/Fucanglong-wg-Custom.png","width":90,"height":90},{"@type":"BreadcrumbList","@id":"https:\/\/fucanglong.asia\/?page_id=275&lang=nl#breadcrumb","itemListElement":[{"@type":"ListItem","position":1,"name":"Home","item":"https:\/\/fucanglong.asia\/"},{"@type":"ListItem","position":2,"name":"Vrijwaring"}]},{"@type":"WebSite","@id":"https:\/\/fucanglong.asia\/#website","url":"https:\/\/fucanglong.asia\/","name":"Fucanglong Verm\u00f6gensverwaltung","description":"Verm\u00f6gensverwaltungsl\u00f6sung","publisher":{"@id":"https:\/\/fucanglong.asia\/#organization"},"potentialAction":[{"@type":"SearchAction","target":{"@type":"EntryPoint","urlTemplate":"https:\/\/fucanglong.asia\/?s={search_term_string}"},"query-input":{"@type":"PropertyValueSpecification","valueRequired":true,"valueName":"search_term_string"}}],"inLanguage":"en-US"},{"@type":"Organization","@id":"https:\/\/fucanglong.asia\/#organization","name":"Fucanglong Verm\u00f6gensverwaltung","url":"https:\/\/fucanglong.asia\/","logo":{"@type":"ImageObject","inLanguage":"en-US","@id":"https:\/\/fucanglong.asia\/#\/schema\/logo\/image\/","url":"https:\/\/fucanglong.asia\/wp-content\/uploads\/2023\/10\/cropped-Fucanglong-wg.png","contentUrl":"https:\/\/fucanglong.asia\/wp-content\/uploads\/2023\/10\/cropped-Fucanglong-wg.png","width":414,"height":414,"caption":"Fucanglong Verm\u00f6gensverwaltung"},"image":{"@id":"https:\/\/fucanglong.asia\/#\/schema\/logo\/image\/"}}]}},"_links":{"self":[{"href":"https:\/\/fucanglong.asia\/index.php?rest_route=\/wp\/v2\/pages\/275"}],"collection":[{"href":"https:\/\/fucanglong.asia\/index.php?rest_route=\/wp\/v2\/pages"}],"about":[{"href":"https:\/\/fucanglong.asia\/index.php?rest_route=\/wp\/v2\/types\/page"}],"author":[{"embeddable":true,"href":"https:\/\/fucanglong.asia\/index.php?rest_route=\/wp\/v2\/users\/1"}],"replies":[{"embeddable":true,"href":"https:\/\/fucanglong.asia\/index.php?rest_route=%2Fwp%2Fv2%2Fcomments&post=275"}],"version-history":[{"count":1,"href":"https:\/\/fucanglong.asia\/index.php?rest_route=\/wp\/v2\/pages\/275\/revisions"}],"predecessor-version":[{"id":279,"href":"https:\/\/fucanglong.asia\/index.php?rest_route=\/wp\/v2\/pages\/275\/revisions\/279"}],"wp:attachment":[{"href":"https:\/\/fucanglong.asia\/index.php?rest_route=%2Fwp%2Fv2%2Fmedia&parent=275"}],"curies":[{"name":"wp","href":"https:\/\/api.w.org\/{rel}","templated":true}]}}