{"id":280,"date":"2023-11-20T06:24:28","date_gmt":"2023-11-20T06:24:28","guid":{"rendered":"https:\/\/fucanglong.asia\/?page_id=280"},"modified":"2023-11-20T06:24:28","modified_gmt":"2023-11-20T06:24:28","slug":"haftungsausschluss","status":"publish","type":"page","link":"https:\/\/fucanglong.asia\/?page_id=280&lang=de","title":{"rendered":"Haftungsausschluss"},"content":{"rendered":"\n<figure class=\"wp-block-image size-full\"><img loading=\"lazy\" decoding=\"async\" width=\"90\" height=\"90\" src=\"https:\/\/fucanglong.asia\/wp-content\/uploads\/2023\/11\/Fucanglong-wg-Custom-1.png\" alt=\"\" class=\"wp-image-282\"\/><\/figure>\n\n\n\n<h2 class=\"wp-block-heading\">Einschr\u00e4nkungen bei Engagements<\/h2>\n\n\n\n<p>Obwohl wir versuchen, uns von Politik\/Religionen\/Kriegen usw. fernzuhalten, nehmen wir verschiedene Gesetze und Vorschriften \u00e4u\u00dferst ernst, insbesondere da wir in diesem Fachgebiet t\u00e4tig sind gewesen: Wei\u00dfw\u00e4sche, Terrorismusfinanzierung und Steuerhinterziehung. Wir dulden die Verwendung unserer Fucanglong-L\u00f6sung f\u00fcr keinen dieser Zwecke. Wenn Sie eine Politisch Exponierte Person (PEP) sind oder in irgendeiner anderen Weise mit illegalen Finanztransaktionen wie Gl\u00fccksspiel, Online-Wetten oder einem der oben genannten in Verbindung stehen, werden wir nicht mit Ihnen in Kontakt treten und\/oder m\u00f6glicherweise die von Ihnen gekaufte L\u00f6sung stoppen bis Ihr Name entweder gekl\u00e4rt ist oder kein begr\u00fcndeter Zweifel mehr besteht. Wenn Sie bereits Kunde von uns sind, erfolgt grunds\u00e4tzlich keine R\u00fcckerstattung bereits gezahlter Geb\u00fchren, es sei denn, das Fucanglong-Team entscheidet nach alleinigem Ermessen anders.<\/p>\n\n\n\n<h2 class=\"wp-block-heading\">Tabul\u00e4nder<\/h2>\n\n\n\n<p>Die folgenden L\u00e4nder\/B\u00fcrger stehen derzeit auf unserer Liste als nicht engagierbare L\u00e4nder\/Personen. Diese Liste erhebt keinen Anspruch auf Vollst\u00e4ndigkeit und kann jederzeit nach alleinigem Ermessen des Fucanglong-Teams ge\u00e4ndert werden.<\/p>\n\n\n\n<ul>\n<li>Jedes Land, das sich im Krieg befindet oder sich im Krieg befindet oder gegen das die Vereinten Nationen Sanktionen verh\u00e4ngen\n<ul>\n<li>Russland, Ukraine, Jemen, Nordkorea usw<\/li>\n<\/ul>\n<\/li>\n\n\n\n<li>Jede Person auf der PEP-Liste\n<ul>\n<li>Zur \u00dcberpr\u00fcfung nutzen wir die europ\u00e4ische PEP-Liste<\/li>\n<\/ul>\n<\/li>\n\n\n\n<li>Jedes Land mit begrenztem oder keinem strengen Finanzsystem<br>(Beispiel: Viele Betr\u00fcgereien kommen aus diesen L\u00e4ndern)\n<ul>\n<li>Nigeria usw.<\/li>\n<\/ul>\n<\/li>\n\n\n\n<li>Jedes Land, das uns die Gesch\u00e4ftst\u00e4tigkeit in diesem Land oder dieser Gerichtsbarkeit einschr\u00e4nkt<br>(Genehmigungen fehlen, kann daher nicht direkt in diese L\u00e4nder verkauft werden)\n<ul>\n<li>Malaysia, China usw.<\/li>\n<\/ul>\n<\/li>\n\n\n\n<li>Hat unsere KYC-Pr\u00fcfungen (Know Your Customer) nicht uberbestanden.\n<ul>\n<li>Obwohl wir KEIN Finanzunternehmen sind und auch keine Finanzberatung anbieten, m\u00f6chten wir uns freiwillig an die Finanzaufsichtsbeh\u00f6rden und -vorschriften verschiedener L\u00e4nder halten, da wir M\u00f6glichkeiten bieten, einen Gro\u00dfteil der Finanzwelt und Verm\u00f6genswerte zu \u00fcberwachen\/verfolgen\/nutzen und sichtbar zu machen.<\/li>\n<\/ul>\n<\/li>\n<\/ul>\n","protected":false},"excerpt":{"rendered":"<p>Einschr\u00e4nkungen bei Engagements Obwohl wir versuchen, uns von Politik\/Religionen\/Kriegen usw. fernzuhalten, nehmen wir verschiedene Gesetze und Vorschriften \u00e4u\u00dferst ernst, insbesondere da wir in diesem Fachgebiet t\u00e4tig sind gewesen: Wei\u00dfw\u00e4sche, Terrorismusfinanzierung und Steuerhinterziehung. Wir dulden die Verwendung unserer Fucanglong-L\u00f6sung f\u00fcr keinen dieser Zwecke. Wenn Sie eine Politisch Exponierte Person (PEP) sind oder in irgendeiner anderen Weise [&hellip;]<\/p>\n","protected":false},"author":1,"featured_media":0,"parent":0,"menu_order":0,"comment_status":"closed","ping_status":"closed","template":"","meta":{"footnotes":""},"yoast_head":"<!-- This site is optimized with the Yoast SEO plugin v24.5 - https:\/\/yoast.com\/wordpress\/plugins\/seo\/ -->\n<title>Haftungsausschluss - Fucanglong Verm\u00f6gensverwaltung<\/title>\n<meta name=\"robots\" content=\"index, follow, max-snippet:-1, max-image-preview:large, max-video-preview:-1\" \/>\n<link rel=\"canonical\" href=\"https:\/\/fucanglong.asia\/?page_id=280&lang=de\" \/>\n<meta property=\"og:locale\" content=\"en_US\" \/>\n<meta property=\"og:type\" content=\"article\" \/>\n<meta property=\"og:title\" content=\"Haftungsausschluss - Fucanglong Verm\u00f6gensverwaltung\" \/>\n<meta property=\"og:description\" content=\"Einschr\u00e4nkungen bei Engagements Obwohl wir versuchen, uns von Politik\/Religionen\/Kriegen usw. fernzuhalten, nehmen wir verschiedene Gesetze und Vorschriften \u00e4u\u00dferst ernst, insbesondere da wir in diesem Fachgebiet t\u00e4tig sind gewesen: Wei\u00dfw\u00e4sche, Terrorismusfinanzierung und Steuerhinterziehung. Wir dulden die Verwendung unserer Fucanglong-L\u00f6sung f\u00fcr keinen dieser Zwecke. Wenn Sie eine Politisch Exponierte Person (PEP) sind oder in irgendeiner anderen Weise [&hellip;]\" \/>\n<meta property=\"og:url\" content=\"https:\/\/fucanglong.asia\/?page_id=280&amp;lang=de\" \/>\n<meta property=\"og:site_name\" content=\"Fucanglong Verm\u00f6gensverwaltung\" \/>\n<meta property=\"og:image\" content=\"https:\/\/fucanglong.asia\/wp-content\/uploads\/2023\/11\/Fucanglong-wg-Custom-1.png\" \/>\n<meta name=\"twitter:card\" content=\"summary_large_image\" \/>\n<meta name=\"twitter:label1\" content=\"Est. reading time\" \/>\n\t<meta name=\"twitter:data1\" content=\"2 minutes\" \/>\n<script type=\"application\/ld+json\" class=\"yoast-schema-graph\">{\"@context\":\"https:\/\/schema.org\",\"@graph\":[{\"@type\":\"WebPage\",\"@id\":\"https:\/\/fucanglong.asia\/?page_id=280&lang=de\",\"url\":\"https:\/\/fucanglong.asia\/?page_id=280&lang=de\",\"name\":\"Haftungsausschluss - Fucanglong Verm\u00f6gensverwaltung\",\"isPartOf\":{\"@id\":\"https:\/\/fucanglong.asia\/#website\"},\"primaryImageOfPage\":{\"@id\":\"https:\/\/fucanglong.asia\/?page_id=280&lang=de#primaryimage\"},\"image\":{\"@id\":\"https:\/\/fucanglong.asia\/?page_id=280&lang=de#primaryimage\"},\"thumbnailUrl\":\"https:\/\/fucanglong.asia\/wp-content\/uploads\/2023\/11\/Fucanglong-wg-Custom-1.png\",\"datePublished\":\"2023-11-20T06:24:28+00:00\",\"breadcrumb\":{\"@id\":\"https:\/\/fucanglong.asia\/?page_id=280&lang=de#breadcrumb\"},\"inLanguage\":\"en-US\",\"potentialAction\":[{\"@type\":\"ReadAction\",\"target\":[\"https:\/\/fucanglong.asia\/?page_id=280&lang=de\"]}]},{\"@type\":\"ImageObject\",\"inLanguage\":\"en-US\",\"@id\":\"https:\/\/fucanglong.asia\/?page_id=280&lang=de#primaryimage\",\"url\":\"https:\/\/fucanglong.asia\/wp-content\/uploads\/2023\/11\/Fucanglong-wg-Custom-1.png\",\"contentUrl\":\"https:\/\/fucanglong.asia\/wp-content\/uploads\/2023\/11\/Fucanglong-wg-Custom-1.png\",\"width\":90,\"height\":90},{\"@type\":\"BreadcrumbList\",\"@id\":\"https:\/\/fucanglong.asia\/?page_id=280&lang=de#breadcrumb\",\"itemListElement\":[{\"@type\":\"ListItem\",\"position\":1,\"name\":\"Home\",\"item\":\"https:\/\/fucanglong.asia\/\"},{\"@type\":\"ListItem\",\"position\":2,\"name\":\"Haftungsausschluss\"}]},{\"@type\":\"WebSite\",\"@id\":\"https:\/\/fucanglong.asia\/#website\",\"url\":\"https:\/\/fucanglong.asia\/\",\"name\":\"Fucanglong Verm\u00f6gensverwaltung\",\"description\":\"Verm\u00f6gensverwaltungsl\u00f6sung\",\"publisher\":{\"@id\":\"https:\/\/fucanglong.asia\/#organization\"},\"potentialAction\":[{\"@type\":\"SearchAction\",\"target\":{\"@type\":\"EntryPoint\",\"urlTemplate\":\"https:\/\/fucanglong.asia\/?s={search_term_string}\"},\"query-input\":{\"@type\":\"PropertyValueSpecification\",\"valueRequired\":true,\"valueName\":\"search_term_string\"}}],\"inLanguage\":\"en-US\"},{\"@type\":\"Organization\",\"@id\":\"https:\/\/fucanglong.asia\/#organization\",\"name\":\"Fucanglong Verm\u00f6gensverwaltung\",\"url\":\"https:\/\/fucanglong.asia\/\",\"logo\":{\"@type\":\"ImageObject\",\"inLanguage\":\"en-US\",\"@id\":\"https:\/\/fucanglong.asia\/#\/schema\/logo\/image\/\",\"url\":\"https:\/\/fucanglong.asia\/wp-content\/uploads\/2023\/10\/cropped-Fucanglong-wg.png\",\"contentUrl\":\"https:\/\/fucanglong.asia\/wp-content\/uploads\/2023\/10\/cropped-Fucanglong-wg.png\",\"width\":414,\"height\":414,\"caption\":\"Fucanglong Verm\u00f6gensverwaltung\"},\"image\":{\"@id\":\"https:\/\/fucanglong.asia\/#\/schema\/logo\/image\/\"}}]}<\/script>\n<!-- \/ Yoast SEO plugin. -->","yoast_head_json":{"title":"Haftungsausschluss - Fucanglong Verm\u00f6gensverwaltung","robots":{"index":"index","follow":"follow","max-snippet":"max-snippet:-1","max-image-preview":"max-image-preview:large","max-video-preview":"max-video-preview:-1"},"canonical":"https:\/\/fucanglong.asia\/?page_id=280&lang=de","og_locale":"en_US","og_type":"article","og_title":"Haftungsausschluss - Fucanglong Verm\u00f6gensverwaltung","og_description":"Einschr\u00e4nkungen bei Engagements Obwohl wir versuchen, uns von Politik\/Religionen\/Kriegen usw. fernzuhalten, nehmen wir verschiedene Gesetze und Vorschriften \u00e4u\u00dferst ernst, insbesondere da wir in diesem Fachgebiet t\u00e4tig sind gewesen: Wei\u00dfw\u00e4sche, Terrorismusfinanzierung und Steuerhinterziehung. Wir dulden die Verwendung unserer Fucanglong-L\u00f6sung f\u00fcr keinen dieser Zwecke. Wenn Sie eine Politisch Exponierte Person (PEP) sind oder in irgendeiner anderen Weise [&hellip;]","og_url":"https:\/\/fucanglong.asia\/?page_id=280&lang=de","og_site_name":"Fucanglong Verm\u00f6gensverwaltung","og_image":[{"url":"https:\/\/fucanglong.asia\/wp-content\/uploads\/2023\/11\/Fucanglong-wg-Custom-1.png","type":"","width":"","height":""}],"twitter_card":"summary_large_image","twitter_misc":{"Est. reading time":"2 minutes"},"schema":{"@context":"https:\/\/schema.org","@graph":[{"@type":"WebPage","@id":"https:\/\/fucanglong.asia\/?page_id=280&lang=de","url":"https:\/\/fucanglong.asia\/?page_id=280&lang=de","name":"Haftungsausschluss - Fucanglong Verm\u00f6gensverwaltung","isPartOf":{"@id":"https:\/\/fucanglong.asia\/#website"},"primaryImageOfPage":{"@id":"https:\/\/fucanglong.asia\/?page_id=280&lang=de#primaryimage"},"image":{"@id":"https:\/\/fucanglong.asia\/?page_id=280&lang=de#primaryimage"},"thumbnailUrl":"https:\/\/fucanglong.asia\/wp-content\/uploads\/2023\/11\/Fucanglong-wg-Custom-1.png","datePublished":"2023-11-20T06:24:28+00:00","breadcrumb":{"@id":"https:\/\/fucanglong.asia\/?page_id=280&lang=de#breadcrumb"},"inLanguage":"en-US","potentialAction":[{"@type":"ReadAction","target":["https:\/\/fucanglong.asia\/?page_id=280&lang=de"]}]},{"@type":"ImageObject","inLanguage":"en-US","@id":"https:\/\/fucanglong.asia\/?page_id=280&lang=de#primaryimage","url":"https:\/\/fucanglong.asia\/wp-content\/uploads\/2023\/11\/Fucanglong-wg-Custom-1.png","contentUrl":"https:\/\/fucanglong.asia\/wp-content\/uploads\/2023\/11\/Fucanglong-wg-Custom-1.png","width":90,"height":90},{"@type":"BreadcrumbList","@id":"https:\/\/fucanglong.asia\/?page_id=280&lang=de#breadcrumb","itemListElement":[{"@type":"ListItem","position":1,"name":"Home","item":"https:\/\/fucanglong.asia\/"},{"@type":"ListItem","position":2,"name":"Haftungsausschluss"}]},{"@type":"WebSite","@id":"https:\/\/fucanglong.asia\/#website","url":"https:\/\/fucanglong.asia\/","name":"Fucanglong Verm\u00f6gensverwaltung","description":"Verm\u00f6gensverwaltungsl\u00f6sung","publisher":{"@id":"https:\/\/fucanglong.asia\/#organization"},"potentialAction":[{"@type":"SearchAction","target":{"@type":"EntryPoint","urlTemplate":"https:\/\/fucanglong.asia\/?s={search_term_string}"},"query-input":{"@type":"PropertyValueSpecification","valueRequired":true,"valueName":"search_term_string"}}],"inLanguage":"en-US"},{"@type":"Organization","@id":"https:\/\/fucanglong.asia\/#organization","name":"Fucanglong Verm\u00f6gensverwaltung","url":"https:\/\/fucanglong.asia\/","logo":{"@type":"ImageObject","inLanguage":"en-US","@id":"https:\/\/fucanglong.asia\/#\/schema\/logo\/image\/","url":"https:\/\/fucanglong.asia\/wp-content\/uploads\/2023\/10\/cropped-Fucanglong-wg.png","contentUrl":"https:\/\/fucanglong.asia\/wp-content\/uploads\/2023\/10\/cropped-Fucanglong-wg.png","width":414,"height":414,"caption":"Fucanglong Verm\u00f6gensverwaltung"},"image":{"@id":"https:\/\/fucanglong.asia\/#\/schema\/logo\/image\/"}}]}},"_links":{"self":[{"href":"https:\/\/fucanglong.asia\/index.php?rest_route=\/wp\/v2\/pages\/280"}],"collection":[{"href":"https:\/\/fucanglong.asia\/index.php?rest_route=\/wp\/v2\/pages"}],"about":[{"href":"https:\/\/fucanglong.asia\/index.php?rest_route=\/wp\/v2\/types\/page"}],"author":[{"embeddable":true,"href":"https:\/\/fucanglong.asia\/index.php?rest_route=\/wp\/v2\/users\/1"}],"replies":[{"embeddable":true,"href":"https:\/\/fucanglong.asia\/index.php?rest_route=%2Fwp%2Fv2%2Fcomments&post=280"}],"version-history":[{"count":1,"href":"https:\/\/fucanglong.asia\/index.php?rest_route=\/wp\/v2\/pages\/280\/revisions"}],"predecessor-version":[{"id":283,"href":"https:\/\/fucanglong.asia\/index.php?rest_route=\/wp\/v2\/pages\/280\/revisions\/283"}],"wp:attachment":[{"href":"https:\/\/fucanglong.asia\/index.php?rest_route=%2Fwp%2Fv2%2Fmedia&parent=280"}],"curies":[{"name":"wp","href":"https:\/\/api.w.org\/{rel}","templated":true}]}}